{"id":33272,"date":"2024-01-04T01:52:02","date_gmt":"2024-01-04T00:52:02","guid":{"rendered":"https:\/\/prime.ccieurope.org\/?page_id=33272"},"modified":"2024-01-09T22:11:34","modified_gmt":"2024-01-09T21:11:34","slug":"rapport-2023-pour-lannee-2022","status":"publish","type":"page","link":"https:\/\/ccieurope.org\/en\/rapport-2023-pour-lannee-2022\/","title":{"rendered":"2023 Report (for the year 2022)"},"content":{"rendered":"<figure class=\"wp-block-image size-large\"><a href=\"https:\/\/ccieurope.org\/wp-content\/uploads\/2021\/02\/RAPPORT-CCIE-2022.pdf\"><img fetchpriority=\"high\" decoding=\"async\" width=\"1024\" height=\"502\" src=\"https:\/\/ccieurope.org\/wp-content\/uploads\/2024\/01\/Telecharger-maintenant-1-1024x502.jpg\" alt=\"\" class=\"wp-image-33433\" srcset=\"https:\/\/ccieurope.org\/wp-content\/uploads\/2024\/01\/Telecharger-maintenant-1-1024x502.jpg 1024w, https:\/\/ccieurope.org\/wp-content\/uploads\/2024\/01\/Telecharger-maintenant-1-300x147.jpg 300w, https:\/\/ccieurope.org\/wp-content\/uploads\/2024\/01\/Telecharger-maintenant-1-768x377.jpg 768w, https:\/\/ccieurope.org\/wp-content\/uploads\/2024\/01\/Telecharger-maintenant-1-600x294.jpg 600w, https:\/\/ccieurope.org\/wp-content\/uploads\/2024\/01\/Telecharger-maintenant-1.jpg 1044w\" sizes=\"(max-width: 1024px) 100vw, 1024px\" \/><\/a><\/figure>\n\n\n\n<p>In the struggle we are engaged in, it is salutary to create moments of reflection on the period that has elapsed, in order to better account for the hardships endured. That's why the Collectif contre l'islamophobie en Europe (CCIE) is presenting its first report, looking back on a year 2022 that has been full of lessons learned. <\/p>\n\n\n\n<p>This report aims to better define the contours of an Islamophobia which, although changing, seems to be growing in effectiveness and sophistication. Contrary to a well-known theory (that to speak of Islamophobia is to speak of \"victimisation\"), the aim is not to feel sorry for the reality of Islamophobia, but to equip ourselves with the means best suited to combating it. Looking back over the past year, we can reassess the specific issues that Islamophobia represents today. \u00b5<\/p>\n\n\n\n<p>Unfortunately, the year just ended was no exception. It confirms a major trend that has been at work for several years in Europe. Islamophobia is proliferating and flourishing with relative impunity - without any recognition of its seriousness or any real measures being taken by Europe's political decision-makers. <\/p>\n\n\n\n<p>The very circumstances in which the Collectif contre l'islamophobie en Europe was founded are worth recalling. Our association was born out of the Islamophobia offensive that led to the dissolution of several Muslim organisations, including the Collectif contre l'islamophobie en France (CCIF), which was exclusively dedicated to providing legal and moral support to victims of Islamophobia. The CCIE is thus the proud heir to the history of the CCIF, which many French citizens - Muslims and non-Muslims alike - have trusted and continue to support. <\/p>\n\n\n\n<p>Our aim is to broaden our scope of action at European level, to provide the same expertise and support to Muslims in Belgium, the Netherlands, the United Kingdom, Germany and Denmark. So, while the data collected by the CCIE mainly concerns the French situation, we are actively working to ensure that Muslims throughout Europe, regardless of their geographical location, are also supported by the CCIE and can seek its legal and moral assistance when they feel the need. <\/p>\n\n\n\n<p>We would like to extend our warmest thanks to all those who enable the CCIE to fight for the rights of Muslims, to all those who express their support for our work on a daily basis, thereby providing us with extremely valuable support.<\/p>","protected":false},"excerpt":{"rendered":"<p>Il est salutaire, dans la lutte qui est la n\u00f4tre, de cr\u00e9er des moments de r\u00e9flexion sur la p\u00e9riode \u00e9coul\u00e9e, afin de mieux rendre compte des \u00e9preuves endur\u00e9es. C\u2019est pourquoi le Collectif contre l\u2019islamophobie en Europe (CCIE) pr\u00e9sente son premier rapport, qui offre une r\u00e9trospective sur une ann\u00e9e 2022 riche en enseignements. Ce rapport vise \u00e0 mieux cerner les contours d\u2019une islamophobie qui, quoique changeante, semble toujours gagner en efficacit\u00e9 et en sophistication. \u00c0 l\u2019encontre d\u2019une th\u00e9orie bien connue (parler d\u2019islamophobie consisterait \u00e0 faire \u00e9tat de \u00ab victimisation \u00bb), l\u2019objectif n\u2019est pas de se d\u00e9soler face \u00e0 la r\u00e9alit\u00e9 islamophobe mais bien de se doter des moyens les plus \u00e0 m\u00eame de lutter contre l\u2019islamophobie. Aussi, jeter ce regard sur l\u2019ann\u00e9e qui vient de s\u2019\u00e9couler, c\u2019est nous permettre de r\u00e9\u00e9valuer les enjeux sp\u00e9cifiques que l\u2019islamophobie repr\u00e9sente aujourd\u2019hui. \u00b5 \u00c0 ce titre, l\u2019ann\u00e9e qui vient de prendre fin ne fait h\u00e9las pas exception. Elle confirme une tendance lourde \u00e0 l\u2019oeuvre depuis plusieurs ann\u00e9es en Europe. L\u2019islamophobie prolif\u00e8re et s\u2019\u00e9panouit en relative impunit\u00e9 \u2013 sans que ne soit reconnue sa gravit\u00e9 ou que de r\u00e9elles mesures ne soient prises par les d\u00e9cideurs politiques europ\u00e9ens. Les circonstances m\u00eames de la cr\u00e9ation du Collectif contre l\u2019islamophobie en Europe sont \u00e0 rappeler. Notre association est en effet n\u00e9e de l\u2019offensive islamophobie qui a conduit \u00e0 la dissolution de plusieurs organisations musulmanes, dont le Collectif contre l\u2019islamophobie en France (CCIF), qui \u00e9tait exclusivement d\u00e9di\u00e9 \u00e0 l\u2019accompagnement juridique et moral des victimes d\u2019islamophobie. Le CCIE est ainsi l\u2019heureux h\u00e9ritier de l\u2019histoire du CCIF auquel bon nombre de citoyens fran\u00e7ais \u2013 musulmans et non-musulmans \u2013 ont fait confiance et continuent de lui manifester leur soutien. Notre objectif est d\u2019\u00e9largir notre espace d\u2019action au niveau europ\u00e9en, de fournir la m\u00eame expertise et le m\u00eame accompagnement aux musulmans de Belgique, des Pays-Bas, du Royaume-Uni, de l\u2019Allemagne ou du Danemark. Ainsi, si les donn\u00e9es recueillies en propre par le CCIE concernent principalement la situation fran\u00e7aise, nous travaillons activement \u00e0 ce que, partout en Europe, les musulmanes et les musulmans, quelle que soit leur situation g\u00e9ographique, soient \u00e9galement soutenus par le CCIE et puissent solliciter son aide juridique et morale lorsqu\u2019elles ou ils en ressentent le besoin. Nous remercions chaleureusement celles et ceux qui permettent au CCIE de lutter pour les droits des musulmanes et des musulmans, celles et ceux qui expriment chaque jour leur soutien \u00e0 notre travail et lui offrent ainsi un appui extr\u00eamement pr\u00e9cieux.<\/p>","protected":false},"author":1,"featured_media":0,"parent":0,"menu_order":0,"comment_status":"closed","ping_status":"closed","template":"","meta":{"give_campaign_id":0,"cybocfi_hide_featured_image":"","footnotes":""},"class_list":["post-33272","page","type-page","status-publish","hentry"],"yoast_head":"<!-- This site is optimized with the Yoast SEO plugin v26.4 - https:\/\/yoast.com\/wordpress\/plugins\/seo\/ -->\n<title>Rapport 2023 (pour l&#039;ann\u00e9e 2022) - CCIE<\/title>\n<meta name=\"robots\" content=\"index, follow, max-snippet:-1, max-image-preview:large, max-video-preview:-1\" \/>\n<link rel=\"canonical\" href=\"https:\/\/ccieurope.org\/en\/rapport-2023-pour-lannee-2022\/\" \/>\n<meta property=\"og:locale\" content=\"en_GB\" \/>\n<meta property=\"og:type\" content=\"article\" \/>\n<meta property=\"og:title\" content=\"Rapport 2023 (pour l&#039;ann\u00e9e 2022) - CCIE\" \/>\n<meta property=\"og:description\" content=\"Il est salutaire, dans la lutte qui est la n\u00f4tre, de cr\u00e9er des moments de r\u00e9flexion sur la p\u00e9riode \u00e9coul\u00e9e, afin de mieux rendre compte des \u00e9preuves endur\u00e9es. C\u2019est pourquoi le Collectif contre l\u2019islamophobie en Europe (CCIE) pr\u00e9sente son premier rapport, qui offre une r\u00e9trospective sur une ann\u00e9e 2022 riche en enseignements. Ce rapport vise \u00e0 mieux cerner les contours d\u2019une islamophobie qui, quoique changeante, semble toujours gagner en efficacit\u00e9 et en sophistication. \u00c0 l\u2019encontre d\u2019une th\u00e9orie bien connue (parler d\u2019islamophobie consisterait \u00e0 faire \u00e9tat de \u00ab victimisation \u00bb), l\u2019objectif n\u2019est pas de se d\u00e9soler face \u00e0 la r\u00e9alit\u00e9 islamophobe mais bien de se doter des moyens les plus \u00e0 m\u00eame de lutter contre l\u2019islamophobie. Aussi, jeter ce regard sur l\u2019ann\u00e9e qui vient de s\u2019\u00e9couler, c\u2019est nous permettre de r\u00e9\u00e9valuer les enjeux sp\u00e9cifiques que l\u2019islamophobie repr\u00e9sente aujourd\u2019hui. \u00b5 \u00c0 ce titre, l\u2019ann\u00e9e qui vient de prendre fin ne fait h\u00e9las pas exception. Elle confirme une tendance lourde \u00e0 l\u2019oeuvre depuis plusieurs ann\u00e9es en Europe. L\u2019islamophobie prolif\u00e8re et s\u2019\u00e9panouit en relative impunit\u00e9 \u2013 sans que ne soit reconnue sa gravit\u00e9 ou que de r\u00e9elles mesures ne soient prises par les d\u00e9cideurs politiques europ\u00e9ens. Les circonstances m\u00eames de la cr\u00e9ation du Collectif contre l\u2019islamophobie en Europe sont \u00e0 rappeler. Notre association est en effet n\u00e9e de l\u2019offensive islamophobie qui a conduit \u00e0 la dissolution de plusieurs organisations musulmanes, dont le Collectif contre l\u2019islamophobie en France (CCIF), qui \u00e9tait exclusivement d\u00e9di\u00e9 \u00e0 l\u2019accompagnement juridique et moral des victimes d\u2019islamophobie. Le CCIE est ainsi l\u2019heureux h\u00e9ritier de l\u2019histoire du CCIF auquel bon nombre de citoyens fran\u00e7ais \u2013 musulmans et non-musulmans \u2013 ont fait confiance et continuent de lui manifester leur soutien. Notre objectif est d\u2019\u00e9largir notre espace d\u2019action au niveau europ\u00e9en, de fournir la m\u00eame expertise et le m\u00eame accompagnement aux musulmans de Belgique, des Pays-Bas, du Royaume-Uni, de l\u2019Allemagne ou du Danemark. Ainsi, si les donn\u00e9es recueillies en propre par le CCIE concernent principalement la situation fran\u00e7aise, nous travaillons activement \u00e0 ce que, partout en Europe, les musulmanes et les musulmans, quelle que soit leur situation g\u00e9ographique, soient \u00e9galement soutenus par le CCIE et puissent solliciter son aide juridique et morale lorsqu\u2019elles ou ils en ressentent le besoin. Nous remercions chaleureusement celles et ceux qui permettent au CCIE de lutter pour les droits des musulmanes et des musulmans, celles et ceux qui expriment chaque jour leur soutien \u00e0 notre travail et lui offrent ainsi un appui extr\u00eamement pr\u00e9cieux.\" \/>\n<meta property=\"og:url\" content=\"https:\/\/ccieurope.org\/en\/rapport-2023-pour-lannee-2022\/\" \/>\n<meta property=\"og:site_name\" content=\"CCIE\" \/>\n<meta property=\"article:publisher\" content=\"https:\/\/www.facebook.com\/ccieurope.org\" \/>\n<meta property=\"article:modified_time\" content=\"2024-01-09T21:11:34+00:00\" \/>\n<meta property=\"og:image\" content=\"https:\/\/ccieurope.org\/wp-content\/uploads\/2024\/01\/Telecharger-maintenant-1.jpg\" \/>\n\t<meta property=\"og:image:width\" content=\"1044\" \/>\n\t<meta property=\"og:image:height\" content=\"512\" \/>\n\t<meta property=\"og:image:type\" content=\"image\/jpeg\" \/>\n<meta name=\"twitter:card\" content=\"summary_large_image\" \/>\n<meta name=\"twitter:site\" content=\"@CCIEurope\" \/>\n<meta name=\"twitter:label1\" content=\"Estimated reading time\" \/>\n\t<meta name=\"twitter:data1\" content=\"2 minutes\" \/>\n<script type=\"application\/ld+json\" class=\"yoast-schema-graph\">{\"@context\":\"https:\/\/schema.org\",\"@graph\":[{\"@type\":\"WebPage\",\"@id\":\"https:\/\/ccieurope.org\/rapport-2023-pour-lannee-2022\/\",\"url\":\"https:\/\/ccieurope.org\/rapport-2023-pour-lannee-2022\/\",\"name\":\"Rapport 2023 (pour l'ann\u00e9e 2022) - CCIE\",\"isPartOf\":{\"@id\":\"https:\/\/ccieurope.org\/#website\"},\"primaryImageOfPage\":{\"@id\":\"https:\/\/ccieurope.org\/rapport-2023-pour-lannee-2022\/#primaryimage\"},\"image\":{\"@id\":\"https:\/\/ccieurope.org\/rapport-2023-pour-lannee-2022\/#primaryimage\"},\"thumbnailUrl\":\"https:\/\/ccieurope.org\/wp-content\/uploads\/2024\/01\/Telecharger-maintenant-1-1024x502.jpg\",\"datePublished\":\"2024-01-04T00:52:02+00:00\",\"dateModified\":\"2024-01-09T21:11:34+00:00\",\"breadcrumb\":{\"@id\":\"https:\/\/ccieurope.org\/rapport-2023-pour-lannee-2022\/#breadcrumb\"},\"inLanguage\":\"en-GB\",\"potentialAction\":[{\"@type\":\"ReadAction\",\"target\":[\"https:\/\/ccieurope.org\/rapport-2023-pour-lannee-2022\/\"]}]},{\"@type\":\"ImageObject\",\"inLanguage\":\"en-GB\",\"@id\":\"https:\/\/ccieurope.org\/rapport-2023-pour-lannee-2022\/#primaryimage\",\"url\":\"https:\/\/ccieurope.org\/wp-content\/uploads\/2024\/01\/Telecharger-maintenant-1-1024x502.jpg\",\"contentUrl\":\"https:\/\/ccieurope.org\/wp-content\/uploads\/2024\/01\/Telecharger-maintenant-1-1024x502.jpg\"},{\"@type\":\"BreadcrumbList\",\"@id\":\"https:\/\/ccieurope.org\/rapport-2023-pour-lannee-2022\/#breadcrumb\",\"itemListElement\":[{\"@type\":\"ListItem\",\"position\":1,\"name\":\"Accueil\",\"item\":\"https:\/\/ccieurope.org\/\"},{\"@type\":\"ListItem\",\"position\":2,\"name\":\"Rapport 2023 (pour l&rsquo;ann\u00e9e 2022)\"}]},{\"@type\":\"WebSite\",\"@id\":\"https:\/\/ccieurope.org\/#website\",\"url\":\"https:\/\/ccieurope.org\/\",\"name\":\"CCIE\",\"description\":\"Collectif Contre l&#039;Islamophobie en Europe\",\"publisher\":{\"@id\":\"https:\/\/ccieurope.org\/#organization\"},\"potentialAction\":[{\"@type\":\"SearchAction\",\"target\":{\"@type\":\"EntryPoint\",\"urlTemplate\":\"https:\/\/ccieurope.org\/?s={search_term_string}\"},\"query-input\":{\"@type\":\"PropertyValueSpecification\",\"valueRequired\":true,\"valueName\":\"search_term_string\"}}],\"inLanguage\":\"en-GB\"},{\"@type\":\"Organization\",\"@id\":\"https:\/\/ccieurope.org\/#organization\",\"name\":\"CCIE\",\"url\":\"https:\/\/ccieurope.org\/\",\"logo\":{\"@type\":\"ImageObject\",\"inLanguage\":\"en-GB\",\"@id\":\"https:\/\/ccieurope.org\/#\/schema\/logo\/image\/\",\"url\":\"https:\/\/ccieurope.org\/wp-content\/uploads\/2021\/02\/Groupe-11.png\",\"contentUrl\":\"https:\/\/ccieurope.org\/wp-content\/uploads\/2021\/02\/Groupe-11.png\",\"width\":539,\"height\":307,\"caption\":\"CCIE\"},\"image\":{\"@id\":\"https:\/\/ccieurope.org\/#\/schema\/logo\/image\/\"},\"sameAs\":[\"https:\/\/www.facebook.com\/ccieurope.org\",\"https:\/\/x.com\/CCIEurope\",\"https:\/\/www.instagram.com\/ccieofficial\/\"]}]}<\/script>\n<!-- \/ Yoast SEO plugin. -->","yoast_head_json":{"title":"Rapport 2023 (pour l'ann\u00e9e 2022) - CCIE","robots":{"index":"index","follow":"follow","max-snippet":"max-snippet:-1","max-image-preview":"max-image-preview:large","max-video-preview":"max-video-preview:-1"},"canonical":"https:\/\/ccieurope.org\/en\/rapport-2023-pour-lannee-2022\/","og_locale":"en_GB","og_type":"article","og_title":"Rapport 2023 (pour l'ann\u00e9e 2022) - CCIE","og_description":"Il est salutaire, dans la lutte qui est la n\u00f4tre, de cr\u00e9er des moments de r\u00e9flexion sur la p\u00e9riode \u00e9coul\u00e9e, afin de mieux rendre compte des \u00e9preuves endur\u00e9es. C\u2019est pourquoi le Collectif contre l\u2019islamophobie en Europe (CCIE) pr\u00e9sente son premier rapport, qui offre une r\u00e9trospective sur une ann\u00e9e 2022 riche en enseignements. Ce rapport vise \u00e0 mieux cerner les contours d\u2019une islamophobie qui, quoique changeante, semble toujours gagner en efficacit\u00e9 et en sophistication. \u00c0 l\u2019encontre d\u2019une th\u00e9orie bien connue (parler d\u2019islamophobie consisterait \u00e0 faire \u00e9tat de \u00ab victimisation \u00bb), l\u2019objectif n\u2019est pas de se d\u00e9soler face \u00e0 la r\u00e9alit\u00e9 islamophobe mais bien de se doter des moyens les plus \u00e0 m\u00eame de lutter contre l\u2019islamophobie. Aussi, jeter ce regard sur l\u2019ann\u00e9e qui vient de s\u2019\u00e9couler, c\u2019est nous permettre de r\u00e9\u00e9valuer les enjeux sp\u00e9cifiques que l\u2019islamophobie repr\u00e9sente aujourd\u2019hui. \u00b5 \u00c0 ce titre, l\u2019ann\u00e9e qui vient de prendre fin ne fait h\u00e9las pas exception. Elle confirme une tendance lourde \u00e0 l\u2019oeuvre depuis plusieurs ann\u00e9es en Europe. L\u2019islamophobie prolif\u00e8re et s\u2019\u00e9panouit en relative impunit\u00e9 \u2013 sans que ne soit reconnue sa gravit\u00e9 ou que de r\u00e9elles mesures ne soient prises par les d\u00e9cideurs politiques europ\u00e9ens. Les circonstances m\u00eames de la cr\u00e9ation du Collectif contre l\u2019islamophobie en Europe sont \u00e0 rappeler. Notre association est en effet n\u00e9e de l\u2019offensive islamophobie qui a conduit \u00e0 la dissolution de plusieurs organisations musulmanes, dont le Collectif contre l\u2019islamophobie en France (CCIF), qui \u00e9tait exclusivement d\u00e9di\u00e9 \u00e0 l\u2019accompagnement juridique et moral des victimes d\u2019islamophobie. Le CCIE est ainsi l\u2019heureux h\u00e9ritier de l\u2019histoire du CCIF auquel bon nombre de citoyens fran\u00e7ais \u2013 musulmans et non-musulmans \u2013 ont fait confiance et continuent de lui manifester leur soutien. Notre objectif est d\u2019\u00e9largir notre espace d\u2019action au niveau europ\u00e9en, de fournir la m\u00eame expertise et le m\u00eame accompagnement aux musulmans de Belgique, des Pays-Bas, du Royaume-Uni, de l\u2019Allemagne ou du Danemark. Ainsi, si les donn\u00e9es recueillies en propre par le CCIE concernent principalement la situation fran\u00e7aise, nous travaillons activement \u00e0 ce que, partout en Europe, les musulmanes et les musulmans, quelle que soit leur situation g\u00e9ographique, soient \u00e9galement soutenus par le CCIE et puissent solliciter son aide juridique et morale lorsqu\u2019elles ou ils en ressentent le besoin. Nous remercions chaleureusement celles et ceux qui permettent au CCIE de lutter pour les droits des musulmanes et des musulmans, celles et ceux qui expriment chaque jour leur soutien \u00e0 notre travail et lui offrent ainsi un appui extr\u00eamement pr\u00e9cieux.","og_url":"https:\/\/ccieurope.org\/en\/rapport-2023-pour-lannee-2022\/","og_site_name":"CCIE","article_publisher":"https:\/\/www.facebook.com\/ccieurope.org","article_modified_time":"2024-01-09T21:11:34+00:00","og_image":[{"width":1044,"height":512,"url":"https:\/\/ccieurope.org\/wp-content\/uploads\/2024\/01\/Telecharger-maintenant-1.jpg","type":"image\/jpeg"}],"twitter_card":"summary_large_image","twitter_site":"@CCIEurope","twitter_misc":{"Estimated reading time":"2 minutes"},"schema":{"@context":"https:\/\/schema.org","@graph":[{"@type":"WebPage","@id":"https:\/\/ccieurope.org\/rapport-2023-pour-lannee-2022\/","url":"https:\/\/ccieurope.org\/rapport-2023-pour-lannee-2022\/","name":"Rapport 2023 (pour l'ann\u00e9e 2022) - CCIE","isPartOf":{"@id":"https:\/\/ccieurope.org\/#website"},"primaryImageOfPage":{"@id":"https:\/\/ccieurope.org\/rapport-2023-pour-lannee-2022\/#primaryimage"},"image":{"@id":"https:\/\/ccieurope.org\/rapport-2023-pour-lannee-2022\/#primaryimage"},"thumbnailUrl":"https:\/\/ccieurope.org\/wp-content\/uploads\/2024\/01\/Telecharger-maintenant-1-1024x502.jpg","datePublished":"2024-01-04T00:52:02+00:00","dateModified":"2024-01-09T21:11:34+00:00","breadcrumb":{"@id":"https:\/\/ccieurope.org\/rapport-2023-pour-lannee-2022\/#breadcrumb"},"inLanguage":"en-GB","potentialAction":[{"@type":"ReadAction","target":["https:\/\/ccieurope.org\/rapport-2023-pour-lannee-2022\/"]}]},{"@type":"ImageObject","inLanguage":"en-GB","@id":"https:\/\/ccieurope.org\/rapport-2023-pour-lannee-2022\/#primaryimage","url":"https:\/\/ccieurope.org\/wp-content\/uploads\/2024\/01\/Telecharger-maintenant-1-1024x502.jpg","contentUrl":"https:\/\/ccieurope.org\/wp-content\/uploads\/2024\/01\/Telecharger-maintenant-1-1024x502.jpg"},{"@type":"BreadcrumbList","@id":"https:\/\/ccieurope.org\/rapport-2023-pour-lannee-2022\/#breadcrumb","itemListElement":[{"@type":"ListItem","position":1,"name":"Accueil","item":"https:\/\/ccieurope.org\/"},{"@type":"ListItem","position":2,"name":"Rapport 2023 (pour l&rsquo;ann\u00e9e 2022)"}]},{"@type":"WebSite","@id":"https:\/\/ccieurope.org\/#website","url":"https:\/\/ccieurope.org\/","name":"CCIE","description":"Collectif Contre l&#039;Islamophobie en Europe","publisher":{"@id":"https:\/\/ccieurope.org\/#organization"},"potentialAction":[{"@type":"SearchAction","target":{"@type":"EntryPoint","urlTemplate":"https:\/\/ccieurope.org\/?s={search_term_string}"},"query-input":{"@type":"PropertyValueSpecification","valueRequired":true,"valueName":"search_term_string"}}],"inLanguage":"en-GB"},{"@type":"Organization","@id":"https:\/\/ccieurope.org\/#organization","name":"CCIE","url":"https:\/\/ccieurope.org\/","logo":{"@type":"ImageObject","inLanguage":"en-GB","@id":"https:\/\/ccieurope.org\/#\/schema\/logo\/image\/","url":"https:\/\/ccieurope.org\/wp-content\/uploads\/2021\/02\/Groupe-11.png","contentUrl":"https:\/\/ccieurope.org\/wp-content\/uploads\/2021\/02\/Groupe-11.png","width":539,"height":307,"caption":"CCIE"},"image":{"@id":"https:\/\/ccieurope.org\/#\/schema\/logo\/image\/"},"sameAs":["https:\/\/www.facebook.com\/ccieurope.org","https:\/\/x.com\/CCIEurope","https:\/\/www.instagram.com\/ccieofficial\/"]}]}},"campaignId":"","_links":{"self":[{"href":"https:\/\/ccieurope.org\/en\/wp-json\/wp\/v2\/pages\/33272","targetHints":{"allow":["GET"]}}],"collection":[{"href":"https:\/\/ccieurope.org\/en\/wp-json\/wp\/v2\/pages"}],"about":[{"href":"https:\/\/ccieurope.org\/en\/wp-json\/wp\/v2\/types\/page"}],"author":[{"embeddable":true,"href":"https:\/\/ccieurope.org\/en\/wp-json\/wp\/v2\/users\/1"}],"replies":[{"embeddable":true,"href":"https:\/\/ccieurope.org\/en\/wp-json\/wp\/v2\/comments?post=33272"}],"version-history":[{"count":2,"href":"https:\/\/ccieurope.org\/en\/wp-json\/wp\/v2\/pages\/33272\/revisions"}],"predecessor-version":[{"id":33435,"href":"https:\/\/ccieurope.org\/en\/wp-json\/wp\/v2\/pages\/33272\/revisions\/33435"}],"wp:attachment":[{"href":"https:\/\/ccieurope.org\/en\/wp-json\/wp\/v2\/media?parent=33272"}],"curies":[{"name":"wp","href":"https:\/\/api.w.org\/{rel}","templated":true}]}}