{"id":5804,"date":"2023-12-22T06:13:23","date_gmt":"2023-12-22T05:13:23","guid":{"rendered":"https:\/\/prime.ccieurope.org\/?page_id=5804"},"modified":"2024-11-01T11:48:41","modified_gmt":"2024-11-01T10:48:41","slug":"adherer","status":"publish","type":"page","link":"https:\/\/ccieurope.org\/en\/adherer\/","title":{"rendered":"Join"},"content":{"rendered":"<div data-elementor-type=\"wp-page\" data-elementor-id=\"5804\" class=\"elementor elementor-5804\" data-elementor-post-type=\"page\">\n\t\t\t\t<div class=\"elementor-element elementor-element-64ace32 e-flex e-con-boxed wpr-particle-no wpr-jarallax-no wpr-parallax-no wpr-sticky-section-no e-con e-parent\" data-id=\"64ace32\" data-element_type=\"container\">\n\t\t\t\t\t<div class=\"e-con-inner\">\n\t\t\t\t<div class=\"elementor-element elementor-element-72c2478 elementor-widget elementor-widget-ova_heading\" data-id=\"72c2478\" data-element_type=\"widget\" data-widget_type=\"ova_heading.default\">\n\t\t\t\t<div class=\"elementor-widget-container\">\n\t\t\t\t\t\t\t<div class=\"ova-heading\">\n\n\t\t\t\t\t\t\t<h4 class=\"sub_title thrid_font\">Join the CCIE<\/h4>\n\t\t\t\t\t\t\n\t\t\t\t\t\t\t<h2 class=\"title second_font\">I join to support the fight against Islamophobia<\/h2>\n\t\t\t\n\t\t\t\n\t\t<\/div>\n\t\t\t\t\t\t<\/div>\n\t\t\t\t<\/div>\n\t\t\t\t<div class=\"elementor-element elementor-element-03ee60b elementor-widget elementor-widget-text-editor\" data-id=\"03ee60b\" data-element_type=\"widget\" data-widget_type=\"text-editor.default\">\n\t\t\t\t<div class=\"elementor-widget-container\">\n\t\t\t\t\t\t\t\t\t<p><span style=\"text-align: var(--text-align);\">\u26a0\ufe0f<\/span><b>AUTOMATIC RENEWAL<br \/><\/b><span style=\"color: inherit; text-align: var(--text-align); letter-spacing: 0px;\">Your membership enables us to support the CCIE over the long term. By default, membership of our association is automatically renewed each year. <b><u>You can deactivate renewal<\/u><\/b> by clicking on the \"manage billing information\" link that you will receive when you join. If you have any problems, please contact the membership department (adhesions@ccieurope.org).<\/span><span style=\"color: inherit; letter-spacing: 0px; text-align: var(--text-align);\">\u00a0<\/span><\/p>\t\t\t\t\t\t\t\t<\/div>\n\t\t\t\t<\/div>\n\t\t\t\t\t<\/div>\n\t\t\t\t<\/div>\n\t\t<div class=\"elementor-element elementor-element-7edc36d e-flex e-con-boxed wpr-particle-no wpr-jarallax-no wpr-parallax-no wpr-sticky-section-no e-con e-parent\" data-id=\"7edc36d\" data-element_type=\"container\">\n\t\t\t\t\t<div class=\"e-con-inner\">\n\t\t<div class=\"elementor-element elementor-element-bcf1ded e-con-full e-flex wpr-particle-no wpr-jarallax-no wpr-parallax-no wpr-sticky-section-no e-con e-child\" data-id=\"bcf1ded\" data-element_type=\"container\">\n\t\t\t\t<div class=\"elementor-element elementor-element-9b88c30 elementor-widget elementor-widget-image\" data-id=\"9b88c30\" data-element_type=\"widget\" data-widget_type=\"image.default\">\n\t\t\t\t<div class=\"elementor-widget-container\">\n\t\t\t\t\t\t\t\t\t\t\t\t\t\t\t\t<a href=\"https:\/\/www.economie.gouv.fr\/cedef\/espace-unique-de-paiement-en-euros-sepa\">\n\t\t\t\t\t\t\t<img fetchpriority=\"high\" decoding=\"async\" width=\"745\" height=\"360\" src=\"https:\/\/ccieurope.org\/wp-content\/uploads\/2024\/11\/360_F_62438887_eZPerFRxvwahpWTXHst9yOcbucMO8CKd.jpg\" class=\"attachment-large size-large wp-image-34145\" alt=\"\" srcset=\"https:\/\/ccieurope.org\/wp-content\/uploads\/2024\/11\/360_F_62438887_eZPerFRxvwahpWTXHst9yOcbucMO8CKd.jpg 745w, https:\/\/ccieurope.org\/wp-content\/uploads\/2024\/11\/360_F_62438887_eZPerFRxvwahpWTXHst9yOcbucMO8CKd-300x145.jpg 300w, https:\/\/ccieurope.org\/wp-content\/uploads\/2024\/11\/360_F_62438887_eZPerFRxvwahpWTXHst9yOcbucMO8CKd-600x290.jpg 600w\" sizes=\"(max-width: 745px) 100vw, 745px\" \/>\t\t\t\t\t\t\t\t<\/a>\n\t\t\t\t\t\t\t\t\t\t\t\t\t\t\t<\/div>\n\t\t\t\t<\/div>\n\t\t\t\t<\/div>\n\t\t<div class=\"elementor-element elementor-element-5f9ec79 e-con-full e-flex wpr-particle-no wpr-jarallax-no wpr-parallax-no wpr-sticky-section-no e-con e-child\" data-id=\"5f9ec79\" data-element_type=\"container\">\n\t\t\t\t<div class=\"elementor-element elementor-element-0b84b72 elementor-widget elementor-widget-text-editor\" data-id=\"0b84b72\" data-element_type=\"widget\" data-widget_type=\"text-editor.default\">\n\t\t\t\t<div class=\"elementor-widget-container\">\n\t\t\t\t\t\t\t\t\t<p><strong style=\"color: inherit; letter-spacing: 0px; text-align: var(--text-align);\">You can also join by <span style=\"color: #ff9900;\">SEPA direct debit<\/span> (see bottom of page), which is the most sustainable solution for supporting the CCIE.<\/strong><\/p>\t\t\t\t\t\t\t\t<\/div>\n\t\t\t\t<\/div>\n\t\t\t\t<\/div>\n\t\t\t\t\t<\/div>\n\t\t\t\t<\/div>\n\t\t<div class=\"elementor-element elementor-element-f7ea222 e-con-full e-flex wpr-particle-no wpr-jarallax-no wpr-parallax-no wpr-sticky-section-no e-con e-parent\" data-id=\"f7ea222\" data-element_type=\"container\">\n\t\t\t\t<div class=\"elementor-element elementor-element-016cb68 elementor-widget__width-initial elementor-widget elementor-widget-html\" data-id=\"016cb68\" data-element_type=\"widget\" data-widget_type=\"html.default\">\n\t\t\t\t<div class=\"elementor-widget-container\">\n\t\t\t\t\t<div data-thrivecart-account=\"ccie\" data-thrivecart-tpl=\"v2\" data-thrivecart-product=\"1\" class=\"thrivecart-embeddable\" data-thrivecart-embeddable=\"tc-ccie-1-DUL4E2\"><\/div><script async src=\"\/\/tinder.thrivecart.com\/embed\/v1\/thrivecart.js\" id=\"tc-ccie-1-DUL4E2\"><\/script>\t\t\t\t<\/div>\n\t\t\t\t<\/div>\n\t\t<div class=\"elementor-element elementor-element-3b59036 e-con-full e-flex wpr-particle-no wpr-jarallax-no wpr-parallax-no wpr-sticky-section-no e-con e-child\" data-id=\"3b59036\" data-element_type=\"container\" data-settings=\"{&quot;background_background&quot;:&quot;gradient&quot;}\">\n\t\t<div class=\"elementor-element elementor-element-ab6f054 e-con-full e-flex wpr-particle-no wpr-jarallax-no wpr-parallax-no wpr-sticky-section-no e-con e-child\" data-id=\"ab6f054\" data-element_type=\"container\" data-settings=\"{&quot;background_background&quot;:&quot;gradient&quot;}\">\n\t\t\t\t<div class=\"elementor-element elementor-element-7e1ef11 elementor-widget elementor-widget-heading\" data-id=\"7e1ef11\" data-element_type=\"widget\" data-widget_type=\"heading.default\">\n\t\t\t\t<div class=\"elementor-widget-container\">\n\t\t\t\t\t<h2 class=\"elementor-heading-title elementor-size-default\">Student membership<\/h2>\t\t\t\t<\/div>\n\t\t\t\t<\/div>\n\t\t\t\t<div class=\"elementor-element elementor-element-08e819b elementor-widget elementor-widget-heading\" data-id=\"08e819b\" data-element_type=\"widget\" data-widget_type=\"heading.default\">\n\t\t\t\t<div class=\"elementor-widget-container\">\n\t\t\t\t\t<h2 class=\"elementor-heading-title elementor-size-default\">15 \u20ac<\/h2>\t\t\t\t<\/div>\n\t\t\t\t<\/div>\n\t\t\t\t<div class=\"elementor-element elementor-element-2fd42eb elementor-widget elementor-widget-heading\" data-id=\"2fd42eb\" data-element_type=\"widget\" data-widget_type=\"heading.default\">\n\t\t\t\t<div class=\"elementor-widget-container\">\n\t\t\t\t\t<h2 class=\"elementor-heading-title elementor-size-default\">per year<\/h2>\t\t\t\t<\/div>\n\t\t\t\t<\/div>\n\t\t\t\t<div class=\"elementor-element elementor-element-02dcfc4 elementor-widget elementor-widget-heading\" data-id=\"02dcfc4\" data-element_type=\"widget\" data-widget_type=\"heading.default\">\n\t\t\t\t<div class=\"elementor-widget-container\">\n\t\t\t\t\t<h2 class=\"elementor-heading-title elementor-size-default\">exclusive access to the members' area<\/h2>\t\t\t\t<\/div>\n\t\t\t\t<\/div>\n\t\t\t\t<\/div>\n\t\t<div class=\"elementor-element elementor-element-5837110 e-con-full e-flex wpr-particle-no wpr-jarallax-no wpr-parallax-no wpr-sticky-section-no e-con e-child\" data-id=\"5837110\" data-element_type=\"container\" data-settings=\"{&quot;background_background&quot;:&quot;gradient&quot;}\">\n\t\t\t\t<div class=\"elementor-element elementor-element-601c635 elementor-widget elementor-widget-heading\" data-id=\"601c635\" data-element_type=\"widget\" data-widget_type=\"heading.default\">\n\t\t\t\t<div class=\"elementor-widget-container\">\n\t\t\t\t\t<h2 class=\"elementor-heading-title elementor-size-default\">Individual membership<\/h2>\t\t\t\t<\/div>\n\t\t\t\t<\/div>\n\t\t\t\t<div class=\"elementor-element elementor-element-379ca41 elementor-widget elementor-widget-heading\" data-id=\"379ca41\" data-element_type=\"widget\" data-widget_type=\"heading.default\">\n\t\t\t\t<div class=\"elementor-widget-container\">\n\t\t\t\t\t<h2 class=\"elementor-heading-title elementor-size-default\">30 \u20ac<\/h2>\t\t\t\t<\/div>\n\t\t\t\t<\/div>\n\t\t\t\t<div class=\"elementor-element elementor-element-a3817fe elementor-widget elementor-widget-heading\" data-id=\"a3817fe\" data-element_type=\"widget\" data-widget_type=\"heading.default\">\n\t\t\t\t<div class=\"elementor-widget-container\">\n\t\t\t\t\t<h2 class=\"elementor-heading-title elementor-size-default\">per year<\/h2>\t\t\t\t<\/div>\n\t\t\t\t<\/div>\n\t\t\t\t<div class=\"elementor-element elementor-element-393d535 elementor-widget elementor-widget-heading\" data-id=\"393d535\" data-element_type=\"widget\" data-widget_type=\"heading.default\">\n\t\t\t\t<div class=\"elementor-widget-container\">\n\t\t\t\t\t<h2 class=\"elementor-heading-title elementor-size-default\">exclusive access to the members' area<\/h2>\t\t\t\t<\/div>\n\t\t\t\t<\/div>\n\t\t\t\t<\/div>\n\t\t<div class=\"elementor-element elementor-element-9d63489 e-con-full e-flex wpr-particle-no wpr-jarallax-no wpr-parallax-no wpr-sticky-section-no e-con e-child\" data-id=\"9d63489\" data-element_type=\"container\" data-settings=\"{&quot;background_background&quot;:&quot;gradient&quot;}\">\n\t\t\t\t<div class=\"elementor-element elementor-element-d9eaeb5 elementor-widget elementor-widget-heading\" data-id=\"d9eaeb5\" data-element_type=\"widget\" data-widget_type=\"heading.default\">\n\t\t\t\t<div class=\"elementor-widget-container\">\n\t\t\t\t\t<h2 class=\"elementor-heading-title elementor-size-default\">Couple membership<\/h2>\t\t\t\t<\/div>\n\t\t\t\t<\/div>\n\t\t\t\t<div class=\"elementor-element elementor-element-57649a2 elementor-widget elementor-widget-heading\" data-id=\"57649a2\" data-element_type=\"widget\" data-widget_type=\"heading.default\">\n\t\t\t\t<div class=\"elementor-widget-container\">\n\t\t\t\t\t<h2 class=\"elementor-heading-title elementor-size-default\">50 \u20ac<\/h2>\t\t\t\t<\/div>\n\t\t\t\t<\/div>\n\t\t\t\t<div class=\"elementor-element elementor-element-a8ec8e4 elementor-widget elementor-widget-heading\" data-id=\"a8ec8e4\" data-element_type=\"widget\" data-widget_type=\"heading.default\">\n\t\t\t\t<div class=\"elementor-widget-container\">\n\t\t\t\t\t<h2 class=\"elementor-heading-title elementor-size-default\">per year<\/h2>\t\t\t\t<\/div>\n\t\t\t\t<\/div>\n\t\t\t\t<div class=\"elementor-element elementor-element-842fb8f elementor-widget elementor-widget-heading\" data-id=\"842fb8f\" data-element_type=\"widget\" data-widget_type=\"heading.default\">\n\t\t\t\t<div class=\"elementor-widget-container\">\n\t\t\t\t\t<h2 class=\"elementor-heading-title elementor-size-default\">exclusive access for 2 to the members' area<\/h2>\t\t\t\t<\/div>\n\t\t\t\t<\/div>\n\t\t\t\t<\/div>\n\t\t<div class=\"elementor-element elementor-element-e04b827 e-con-full e-flex wpr-particle-no wpr-jarallax-no wpr-parallax-no wpr-sticky-section-no e-con e-child\" data-id=\"e04b827\" data-element_type=\"container\" data-settings=\"{&quot;background_background&quot;:&quot;gradient&quot;}\">\n\t\t\t\t<div class=\"elementor-element elementor-element-17349be elementor-widget elementor-widget-heading\" data-id=\"17349be\" data-element_type=\"widget\" data-widget_type=\"heading.default\">\n\t\t\t\t<div class=\"elementor-widget-container\">\n\t\t\t\t\t<h2 class=\"elementor-heading-title elementor-size-default\">Premium membership<\/h2>\t\t\t\t<\/div>\n\t\t\t\t<\/div>\n\t\t\t\t<div class=\"elementor-element elementor-element-c282706 elementor-widget elementor-widget-heading\" data-id=\"c282706\" data-element_type=\"widget\" data-widget_type=\"heading.default\">\n\t\t\t\t<div class=\"elementor-widget-container\">\n\t\t\t\t\t<h2 class=\"elementor-heading-title elementor-size-default\">100 \u20ac*<\/h2>\t\t\t\t<\/div>\n\t\t\t\t<\/div>\n\t\t\t\t<div class=\"elementor-element elementor-element-8a44a4b elementor-widget elementor-widget-heading\" data-id=\"8a44a4b\" data-element_type=\"widget\" data-widget_type=\"heading.default\">\n\t\t\t\t<div class=\"elementor-widget-container\">\n\t\t\t\t\t<h2 class=\"elementor-heading-title elementor-size-default\">per year<\/h2>\t\t\t\t<\/div>\n\t\t\t\t<\/div>\n\t\t\t\t<div class=\"elementor-element elementor-element-3aa591f elementor-widget elementor-widget-heading\" data-id=\"3aa591f\" data-element_type=\"widget\" data-widget_type=\"heading.default\">\n\t\t\t\t<div class=\"elementor-widget-container\">\n\t\t\t\t\t<h2 class=\"elementor-heading-title elementor-size-default\">exclusive access for 2 to the members' area + coverage of legal costs relating to Islamophobia<\/h2>\t\t\t\t<\/div>\n\t\t\t\t<\/div>\n\t\t\t\t<div class=\"elementor-element elementor-element-3e6176e elementor-widget elementor-widget-heading\" data-id=\"3e6176e\" data-element_type=\"widget\" data-widget_type=\"heading.default\">\n\t\t\t\t<div class=\"elementor-widget-container\">\n\t\t\t\t\t<h2 class=\"elementor-heading-title elementor-size-default\">*Legal costs will be covered after one year's membership.<\/h2>\t\t\t\t<\/div>\n\t\t\t\t<\/div>\n\t\t\t\t<\/div>\n\t\t\t\t<\/div>\n\t\t\t\t<\/div>\n\t\t\t\t<\/div>","protected":false},"excerpt":{"rendered":"<p>Adh\u00e9rer au CCIE J&rsquo;adh\u00e8re pour soutenir la lutte contre l&rsquo;islamophobie \u26a0\ufe0fRENOUVELLEMENT AUTOMATIQUEVos adh\u00e9sions permettent de soutenir le CCIE sur le long terme. Par d\u00e9faut, l\u2019adh\u00e9sion \u00e0 notre association se renouvelle donc automatiquement chaque ann\u00e9e. Vous avez la possibilit\u00e9 de d\u00e9sactiver le renouvellement en cliquant sur le lien \u00ab g\u00e9rer les informations de facturation \u00bb que vous recevrez quand vous aurez adh\u00e9r\u00e9. En cas de probl\u00e8me, veuillez contacter le service adh\u00e9sion (adhesions@ccieurope.org).\u00a0 Vous avez \u00e9galement la possibilit\u00e9 d&rsquo;adh\u00e9rer par pr\u00e9l\u00e8vement bancaire SEPA (voir en bas de page), qui est la solution la plus durable pour soutenir le CCIE. Adh\u00e9sion \u00e9tudiant 15 \u20ac par an acc\u00e8s exclusif \u00e0 l&rsquo;espace adh\u00e9rent Adh\u00e9sion individuelle 30 \u20ac par an acc\u00e8s exclusif \u00e0 l&rsquo;espace adh\u00e9rent Adh\u00e9sion couple 50 \u20ac par an acc\u00e8s exclusif pour 2 \u00e0 l&rsquo;espace adh\u00e9rent Adh\u00e9sion premium 100 \u20ac* par an acc\u00e8s exclusif pour 2 \u00e0 l&rsquo;espace adh\u00e9rent + prise en charge des frais judiciaires li\u00e9s \u00e0 l&rsquo;islamophobie *Les frais judiciaires seront pris en charge apr\u00e8s une adh\u00e9sion d&rsquo;un&nbsp;an&nbsp;r\u00e9volu.<\/p>","protected":false},"author":1,"featured_media":0,"parent":0,"menu_order":0,"comment_status":"closed","ping_status":"closed","template":"","meta":{"give_campaign_id":0,"cybocfi_hide_featured_image":"","footnotes":""},"class_list":["post-5804","page","type-page","status-publish","hentry"],"yoast_head":"<!-- This site is optimized with the Yoast SEO plugin v26.4 - https:\/\/yoast.com\/wordpress\/plugins\/seo\/ -->\n<title>Adh\u00e9rer - CCIE<\/title>\n<meta name=\"robots\" content=\"index, follow, max-snippet:-1, max-image-preview:large, max-video-preview:-1\" \/>\n<link rel=\"canonical\" href=\"https:\/\/ccieurope.org\/en\/adherer\/\" \/>\n<meta property=\"og:locale\" content=\"en_GB\" \/>\n<meta property=\"og:type\" content=\"article\" \/>\n<meta property=\"og:title\" content=\"Adh\u00e9rer - CCIE\" \/>\n<meta property=\"og:description\" content=\"Adh\u00e9rer au CCIE J&rsquo;adh\u00e8re pour soutenir la lutte contre l&rsquo;islamophobie \u26a0\ufe0fRENOUVELLEMENT AUTOMATIQUEVos adh\u00e9sions permettent de soutenir le CCIE sur le long terme. Par d\u00e9faut, l\u2019adh\u00e9sion \u00e0 notre association se renouvelle donc automatiquement chaque ann\u00e9e. Vous avez la possibilit\u00e9 de d\u00e9sactiver le renouvellement en cliquant sur le lien \u00ab g\u00e9rer les informations de facturation \u00bb que vous recevrez quand vous aurez adh\u00e9r\u00e9. En cas de probl\u00e8me, veuillez contacter le service adh\u00e9sion (adhesions@ccieurope.org).\u00a0 Vous avez \u00e9galement la possibilit\u00e9 d&rsquo;adh\u00e9rer par pr\u00e9l\u00e8vement bancaire SEPA (voir en bas de page), qui est la solution la plus durable pour soutenir le CCIE. Adh\u00e9sion \u00e9tudiant 15 \u20ac par an acc\u00e8s exclusif \u00e0 l&rsquo;espace adh\u00e9rent Adh\u00e9sion individuelle 30 \u20ac par an acc\u00e8s exclusif \u00e0 l&rsquo;espace adh\u00e9rent Adh\u00e9sion couple 50 \u20ac par an acc\u00e8s exclusif pour 2 \u00e0 l&rsquo;espace adh\u00e9rent Adh\u00e9sion premium 100 \u20ac* par an acc\u00e8s exclusif pour 2 \u00e0 l&rsquo;espace adh\u00e9rent + prise en charge des frais judiciaires li\u00e9s \u00e0 l&rsquo;islamophobie *Les frais judiciaires seront pris en charge apr\u00e8s une adh\u00e9sion d&rsquo;un&nbsp;an&nbsp;r\u00e9volu.\" \/>\n<meta property=\"og:url\" content=\"https:\/\/ccieurope.org\/en\/adherer\/\" \/>\n<meta property=\"og:site_name\" content=\"CCIE\" \/>\n<meta property=\"article:publisher\" content=\"https:\/\/www.facebook.com\/ccieurope.org\" \/>\n<meta property=\"article:modified_time\" content=\"2024-11-01T10:48:41+00:00\" \/>\n<meta property=\"og:image\" content=\"https:\/\/ccieurope.org\/wp-content\/uploads\/2024\/11\/360_F_62438887_eZPerFRxvwahpWTXHst9yOcbucMO8CKd.jpg\" \/>\n\t<meta property=\"og:image:width\" content=\"745\" \/>\n\t<meta property=\"og:image:height\" content=\"360\" \/>\n\t<meta property=\"og:image:type\" content=\"image\/jpeg\" \/>\n<meta name=\"twitter:card\" content=\"summary_large_image\" \/>\n<meta name=\"twitter:site\" content=\"@CCIEurope\" \/>\n<meta name=\"twitter:label1\" content=\"Estimated reading time\" \/>\n\t<meta name=\"twitter:data1\" content=\"1 minute\" \/>\n<script type=\"application\/ld+json\" class=\"yoast-schema-graph\">{\"@context\":\"https:\/\/schema.org\",\"@graph\":[{\"@type\":\"WebPage\",\"@id\":\"https:\/\/ccieurope.org\/adherer\/\",\"url\":\"https:\/\/ccieurope.org\/adherer\/\",\"name\":\"Adh\u00e9rer - CCIE\",\"isPartOf\":{\"@id\":\"https:\/\/ccieurope.org\/#website\"},\"primaryImageOfPage\":{\"@id\":\"https:\/\/ccieurope.org\/adherer\/#primaryimage\"},\"image\":{\"@id\":\"https:\/\/ccieurope.org\/adherer\/#primaryimage\"},\"thumbnailUrl\":\"https:\/\/ccieurope.org\/wp-content\/uploads\/2024\/11\/360_F_62438887_eZPerFRxvwahpWTXHst9yOcbucMO8CKd.jpg\",\"datePublished\":\"2023-12-22T05:13:23+00:00\",\"dateModified\":\"2024-11-01T10:48:41+00:00\",\"breadcrumb\":{\"@id\":\"https:\/\/ccieurope.org\/adherer\/#breadcrumb\"},\"inLanguage\":\"en-GB\",\"potentialAction\":[{\"@type\":\"ReadAction\",\"target\":[\"https:\/\/ccieurope.org\/adherer\/\"]}]},{\"@type\":\"ImageObject\",\"inLanguage\":\"en-GB\",\"@id\":\"https:\/\/ccieurope.org\/adherer\/#primaryimage\",\"url\":\"https:\/\/ccieurope.org\/wp-content\/uploads\/2024\/11\/360_F_62438887_eZPerFRxvwahpWTXHst9yOcbucMO8CKd.jpg\",\"contentUrl\":\"https:\/\/ccieurope.org\/wp-content\/uploads\/2024\/11\/360_F_62438887_eZPerFRxvwahpWTXHst9yOcbucMO8CKd.jpg\"},{\"@type\":\"BreadcrumbList\",\"@id\":\"https:\/\/ccieurope.org\/adherer\/#breadcrumb\",\"itemListElement\":[{\"@type\":\"ListItem\",\"position\":1,\"name\":\"Accueil\",\"item\":\"https:\/\/ccieurope.org\/\"},{\"@type\":\"ListItem\",\"position\":2,\"name\":\"Adh\u00e9rer\"}]},{\"@type\":\"WebSite\",\"@id\":\"https:\/\/ccieurope.org\/#website\",\"url\":\"https:\/\/ccieurope.org\/\",\"name\":\"CCIE\",\"description\":\"Collectif Contre l&#039;Islamophobie en Europe\",\"publisher\":{\"@id\":\"https:\/\/ccieurope.org\/#organization\"},\"potentialAction\":[{\"@type\":\"SearchAction\",\"target\":{\"@type\":\"EntryPoint\",\"urlTemplate\":\"https:\/\/ccieurope.org\/?s={search_term_string}\"},\"query-input\":{\"@type\":\"PropertyValueSpecification\",\"valueRequired\":true,\"valueName\":\"search_term_string\"}}],\"inLanguage\":\"en-GB\"},{\"@type\":\"Organization\",\"@id\":\"https:\/\/ccieurope.org\/#organization\",\"name\":\"CCIE\",\"url\":\"https:\/\/ccieurope.org\/\",\"logo\":{\"@type\":\"ImageObject\",\"inLanguage\":\"en-GB\",\"@id\":\"https:\/\/ccieurope.org\/#\/schema\/logo\/image\/\",\"url\":\"https:\/\/ccieurope.org\/wp-content\/uploads\/2021\/02\/Groupe-11.png\",\"contentUrl\":\"https:\/\/ccieurope.org\/wp-content\/uploads\/2021\/02\/Groupe-11.png\",\"width\":539,\"height\":307,\"caption\":\"CCIE\"},\"image\":{\"@id\":\"https:\/\/ccieurope.org\/#\/schema\/logo\/image\/\"},\"sameAs\":[\"https:\/\/www.facebook.com\/ccieurope.org\",\"https:\/\/x.com\/CCIEurope\",\"https:\/\/www.instagram.com\/ccieofficial\/\"]}]}<\/script>\n<!-- \/ Yoast SEO plugin. -->","yoast_head_json":{"title":"Adh\u00e9rer - CCIE","robots":{"index":"index","follow":"follow","max-snippet":"max-snippet:-1","max-image-preview":"max-image-preview:large","max-video-preview":"max-video-preview:-1"},"canonical":"https:\/\/ccieurope.org\/en\/adherer\/","og_locale":"en_GB","og_type":"article","og_title":"Adh\u00e9rer - CCIE","og_description":"Adh\u00e9rer au CCIE J&rsquo;adh\u00e8re pour soutenir la lutte contre l&rsquo;islamophobie \u26a0\ufe0fRENOUVELLEMENT AUTOMATIQUEVos adh\u00e9sions permettent de soutenir le CCIE sur le long terme. Par d\u00e9faut, l\u2019adh\u00e9sion \u00e0 notre association se renouvelle donc automatiquement chaque ann\u00e9e. Vous avez la possibilit\u00e9 de d\u00e9sactiver le renouvellement en cliquant sur le lien \u00ab g\u00e9rer les informations de facturation \u00bb que vous recevrez quand vous aurez adh\u00e9r\u00e9. En cas de probl\u00e8me, veuillez contacter le service adh\u00e9sion (adhesions@ccieurope.org).\u00a0 Vous avez \u00e9galement la possibilit\u00e9 d&rsquo;adh\u00e9rer par pr\u00e9l\u00e8vement bancaire SEPA (voir en bas de page), qui est la solution la plus durable pour soutenir le CCIE. Adh\u00e9sion \u00e9tudiant 15 \u20ac par an acc\u00e8s exclusif \u00e0 l&rsquo;espace adh\u00e9rent Adh\u00e9sion individuelle 30 \u20ac par an acc\u00e8s exclusif \u00e0 l&rsquo;espace adh\u00e9rent Adh\u00e9sion couple 50 \u20ac par an acc\u00e8s exclusif pour 2 \u00e0 l&rsquo;espace adh\u00e9rent Adh\u00e9sion premium 100 \u20ac* par an acc\u00e8s exclusif pour 2 \u00e0 l&rsquo;espace adh\u00e9rent + prise en charge des frais judiciaires li\u00e9s \u00e0 l&rsquo;islamophobie *Les frais judiciaires seront pris en charge apr\u00e8s une adh\u00e9sion d&rsquo;un&nbsp;an&nbsp;r\u00e9volu.","og_url":"https:\/\/ccieurope.org\/en\/adherer\/","og_site_name":"CCIE","article_publisher":"https:\/\/www.facebook.com\/ccieurope.org","article_modified_time":"2024-11-01T10:48:41+00:00","og_image":[{"width":745,"height":360,"url":"https:\/\/ccieurope.org\/wp-content\/uploads\/2024\/11\/360_F_62438887_eZPerFRxvwahpWTXHst9yOcbucMO8CKd.jpg","type":"image\/jpeg"}],"twitter_card":"summary_large_image","twitter_site":"@CCIEurope","twitter_misc":{"Estimated reading time":"1 minute"},"schema":{"@context":"https:\/\/schema.org","@graph":[{"@type":"WebPage","@id":"https:\/\/ccieurope.org\/adherer\/","url":"https:\/\/ccieurope.org\/adherer\/","name":"Adh\u00e9rer - CCIE","isPartOf":{"@id":"https:\/\/ccieurope.org\/#website"},"primaryImageOfPage":{"@id":"https:\/\/ccieurope.org\/adherer\/#primaryimage"},"image":{"@id":"https:\/\/ccieurope.org\/adherer\/#primaryimage"},"thumbnailUrl":"https:\/\/ccieurope.org\/wp-content\/uploads\/2024\/11\/360_F_62438887_eZPerFRxvwahpWTXHst9yOcbucMO8CKd.jpg","datePublished":"2023-12-22T05:13:23+00:00","dateModified":"2024-11-01T10:48:41+00:00","breadcrumb":{"@id":"https:\/\/ccieurope.org\/adherer\/#breadcrumb"},"inLanguage":"en-GB","potentialAction":[{"@type":"ReadAction","target":["https:\/\/ccieurope.org\/adherer\/"]}]},{"@type":"ImageObject","inLanguage":"en-GB","@id":"https:\/\/ccieurope.org\/adherer\/#primaryimage","url":"https:\/\/ccieurope.org\/wp-content\/uploads\/2024\/11\/360_F_62438887_eZPerFRxvwahpWTXHst9yOcbucMO8CKd.jpg","contentUrl":"https:\/\/ccieurope.org\/wp-content\/uploads\/2024\/11\/360_F_62438887_eZPerFRxvwahpWTXHst9yOcbucMO8CKd.jpg"},{"@type":"BreadcrumbList","@id":"https:\/\/ccieurope.org\/adherer\/#breadcrumb","itemListElement":[{"@type":"ListItem","position":1,"name":"Accueil","item":"https:\/\/ccieurope.org\/"},{"@type":"ListItem","position":2,"name":"Adh\u00e9rer"}]},{"@type":"WebSite","@id":"https:\/\/ccieurope.org\/#website","url":"https:\/\/ccieurope.org\/","name":"CCIE","description":"Collectif Contre l&#039;Islamophobie en Europe","publisher":{"@id":"https:\/\/ccieurope.org\/#organization"},"potentialAction":[{"@type":"SearchAction","target":{"@type":"EntryPoint","urlTemplate":"https:\/\/ccieurope.org\/?s={search_term_string}"},"query-input":{"@type":"PropertyValueSpecification","valueRequired":true,"valueName":"search_term_string"}}],"inLanguage":"en-GB"},{"@type":"Organization","@id":"https:\/\/ccieurope.org\/#organization","name":"CCIE","url":"https:\/\/ccieurope.org\/","logo":{"@type":"ImageObject","inLanguage":"en-GB","@id":"https:\/\/ccieurope.org\/#\/schema\/logo\/image\/","url":"https:\/\/ccieurope.org\/wp-content\/uploads\/2021\/02\/Groupe-11.png","contentUrl":"https:\/\/ccieurope.org\/wp-content\/uploads\/2021\/02\/Groupe-11.png","width":539,"height":307,"caption":"CCIE"},"image":{"@id":"https:\/\/ccieurope.org\/#\/schema\/logo\/image\/"},"sameAs":["https:\/\/www.facebook.com\/ccieurope.org","https:\/\/x.com\/CCIEurope","https:\/\/www.instagram.com\/ccieofficial\/"]}]}},"campaignId":"","_links":{"self":[{"href":"https:\/\/ccieurope.org\/en\/wp-json\/wp\/v2\/pages\/5804","targetHints":{"allow":["GET"]}}],"collection":[{"href":"https:\/\/ccieurope.org\/en\/wp-json\/wp\/v2\/pages"}],"about":[{"href":"https:\/\/ccieurope.org\/en\/wp-json\/wp\/v2\/types\/page"}],"author":[{"embeddable":true,"href":"https:\/\/ccieurope.org\/en\/wp-json\/wp\/v2\/users\/1"}],"replies":[{"embeddable":true,"href":"https:\/\/ccieurope.org\/en\/wp-json\/wp\/v2\/comments?post=5804"}],"version-history":[{"count":82,"href":"https:\/\/ccieurope.org\/en\/wp-json\/wp\/v2\/pages\/5804\/revisions"}],"predecessor-version":[{"id":34154,"href":"https:\/\/ccieurope.org\/en\/wp-json\/wp\/v2\/pages\/5804\/revisions\/34154"}],"wp:attachment":[{"href":"https:\/\/ccieurope.org\/en\/wp-json\/wp\/v2\/media?parent=5804"}],"curies":[{"name":"wp","href":"https:\/\/api.w.org\/{rel}","templated":true}]}}