{"id":33270,"date":"2024-01-04T01:51:32","date_gmt":"2024-01-04T00:51:32","guid":{"rendered":"https:\/\/prime.ccieurope.org\/?page_id=33270"},"modified":"2024-01-04T01:51:33","modified_gmt":"2024-01-04T00:51:33","slug":"le-collectif","status":"publish","type":"page","link":"https:\/\/ccieurope.org\/nl\/le-collectif\/","title":{"rendered":"Le Collectif"},"content":{"rendered":"<p>Le Collectif Contre l\u2019Islamophobie en Europe est une association sans but lucratif, constitu\u00e9e en Belgique le 1er novembre 2020, qui a pour but d\u2019agir contre le rejet, la haine et les discriminations qui visent les personnes et les institutions en raison de leur appartenance r\u00e9elle ou suppos\u00e9e \u00e0 la religion musulmane.<\/p>\n\n\n\n<p><strong>Le CCIE est une organisation non gouvernementale, apolitique et areligieuse, ind\u00e9pendante et financ\u00e9e uniquement par ses soutiens (adh\u00e9rents et donateurs). Elle \u0153uvre pour l\u2019\u00e9galit\u00e9 et la justice.<\/strong><\/p>\n\n\n\n<p>L\u2019activit\u00e9 principale du CCIE se construit en trois axes :<\/p>\n\n\n\n<ol class=\"wp-block-list\">\n<li><strong>Accompagnement juridique et psychologique des personnes victimes d\u2019islamophobie<\/strong><\/li>\n\n\n\n<li><strong>Sensibilisation (campagnes, \u00e9v\u00e9nements, formations) contre l\u2019islamophobie<\/strong><\/li>\n\n\n\n<li><strong>Recensement et analyse du ph\u00e9nom\u00e8ne d\u2019islamophobie \u00e0 l\u2019\u00e9chelle europ\u00e9enne<\/strong><\/li>\n<\/ol>\n\n\n\n<p>Bien qu\u2019elle soit une jeune association, sa cr\u00e9ation fin de l\u2019ann\u00e9e 2020 correspond \u00e0 une r\u00e9alit\u00e9, dans certains pays europ\u00e9ens comme la France et l\u2019Autriche,&nbsp;<a href=\"https:\/\/www.amnesty.fr\/liberte-d-expression\/actualites\/france-autriche-liberte-d-association\">o\u00f9 les libert\u00e9s associatives sont menac\u00e9es par les autorit\u00e9s<\/a>. Plus particuli\u00e8rement, la naissance du CCIE est le sympt\u00f4me d\u2019une d\u00e9rive s\u00e9curitaire en France qui a abouti \u00e0 la dissolution de certaines structures associatives, comme le CCIF (Collectif Contre l\u2019Islamophobie en France), dont la production intellectuelle pendant 17 ans d\u2019existence, les rapports depuis 2003, les moyens de communication et l\u2019exp\u00e9rience \u00e0 l\u2019\u00e9chelle europ\u00e9enne ont \u00e9t\u00e9 l\u00e9gu\u00e9s au Collectif Contre l\u2019Islamophobie en Europe. Le CCIE h\u00e9rite \u00e9galement d\u2019une m\u00eame approche du ph\u00e9nom\u00e8ne d\u2019islamophobie, ainsi que de sa d\u00e9finition&nbsp;:<\/p>\n\n\n\n<blockquote class=\"wp-block-quote is-layout-flow wp-block-quote-is-layout-flow\">\n<p>L\u2019islamophobie d\u00e9signe l\u2019ensemble des actes de violence verbale ou physique, de discrimination, \u00e0 l\u2019encontre d\u2019une institution, d\u2019une personne morale ou d\u2019une personne physique, en raison de son appartenance r\u00e9elle ou suppos\u00e9e \u00e0 la religion musulmane.<\/p>\n<\/blockquote>","protected":false},"excerpt":{"rendered":"<p>Le Collectif Contre l\u2019Islamophobie en Europe est une association sans but lucratif, constitu\u00e9e en Belgique le 1er novembre 2020, qui a pour but d\u2019agir contre le rejet, la haine et les discriminations qui visent les personnes et les institutions en raison de leur appartenance r\u00e9elle ou suppos\u00e9e \u00e0 la religion musulmane. Le CCIE est une organisation non gouvernementale, apolitique et areligieuse, ind\u00e9pendante et financ\u00e9e uniquement par ses soutiens (adh\u00e9rents et donateurs). Elle \u0153uvre pour l\u2019\u00e9galit\u00e9 et la justice. L\u2019activit\u00e9 principale du CCIE se construit en trois axes : Bien qu\u2019elle soit une jeune association, sa cr\u00e9ation fin de l\u2019ann\u00e9e 2020 correspond \u00e0 une r\u00e9alit\u00e9, dans certains pays europ\u00e9ens comme la France et l\u2019Autriche,&nbsp;o\u00f9 les libert\u00e9s associatives sont menac\u00e9es par les autorit\u00e9s. Plus particuli\u00e8rement, la naissance du CCIE est le sympt\u00f4me d\u2019une d\u00e9rive s\u00e9curitaire en France qui a abouti \u00e0 la dissolution de certaines structures associatives, comme le CCIF (Collectif Contre l\u2019Islamophobie en France), dont la production intellectuelle pendant 17 ans d\u2019existence, les rapports depuis 2003, les moyens de communication et l\u2019exp\u00e9rience \u00e0 l\u2019\u00e9chelle europ\u00e9enne ont \u00e9t\u00e9 l\u00e9gu\u00e9s au Collectif Contre l\u2019Islamophobie en Europe. Le CCIE h\u00e9rite \u00e9galement d\u2019une m\u00eame approche du ph\u00e9nom\u00e8ne d\u2019islamophobie, ainsi que de sa d\u00e9finition&nbsp;: L\u2019islamophobie d\u00e9signe l\u2019ensemble des actes de violence verbale ou physique, de discrimination, \u00e0 l\u2019encontre d\u2019une institution, d\u2019une personne morale ou d\u2019une personne physique, en raison de son appartenance r\u00e9elle ou suppos\u00e9e \u00e0 la religion musulmane.<\/p>","protected":false},"author":1,"featured_media":0,"parent":0,"menu_order":0,"comment_status":"closed","ping_status":"closed","template":"","meta":{"give_campaign_id":0,"cybocfi_hide_featured_image":"","footnotes":""},"class_list":["post-33270","page","type-page","status-publish","hentry"],"yoast_head":"<!-- This site is optimized with the Yoast SEO plugin v26.4 - https:\/\/yoast.com\/wordpress\/plugins\/seo\/ -->\n<title>Le Collectif - CCIE<\/title>\n<meta name=\"robots\" content=\"index, follow, max-snippet:-1, max-image-preview:large, max-video-preview:-1\" \/>\n<link rel=\"canonical\" href=\"https:\/\/ccieurope.org\/nl\/le-collectif\/\" \/>\n<meta property=\"og:locale\" content=\"nl_BE\" \/>\n<meta property=\"og:type\" content=\"article\" \/>\n<meta property=\"og:title\" content=\"Le Collectif - CCIE\" \/>\n<meta property=\"og:description\" content=\"Le Collectif Contre l\u2019Islamophobie en Europe est une association sans but lucratif, constitu\u00e9e en Belgique le 1er novembre 2020, qui a pour but d\u2019agir contre le rejet, la haine et les discriminations qui visent les personnes et les institutions en raison de leur appartenance r\u00e9elle ou suppos\u00e9e \u00e0 la religion musulmane. Le CCIE est une organisation non gouvernementale, apolitique et areligieuse, ind\u00e9pendante et financ\u00e9e uniquement par ses soutiens (adh\u00e9rents et donateurs). Elle \u0153uvre pour l\u2019\u00e9galit\u00e9 et la justice. L\u2019activit\u00e9 principale du CCIE se construit en trois axes : Bien qu\u2019elle soit une jeune association, sa cr\u00e9ation fin de l\u2019ann\u00e9e 2020 correspond \u00e0 une r\u00e9alit\u00e9, dans certains pays europ\u00e9ens comme la France et l\u2019Autriche,&nbsp;o\u00f9 les libert\u00e9s associatives sont menac\u00e9es par les autorit\u00e9s. Plus particuli\u00e8rement, la naissance du CCIE est le sympt\u00f4me d\u2019une d\u00e9rive s\u00e9curitaire en France qui a abouti \u00e0 la dissolution de certaines structures associatives, comme le CCIF (Collectif Contre l\u2019Islamophobie en France), dont la production intellectuelle pendant 17 ans d\u2019existence, les rapports depuis 2003, les moyens de communication et l\u2019exp\u00e9rience \u00e0 l\u2019\u00e9chelle europ\u00e9enne ont \u00e9t\u00e9 l\u00e9gu\u00e9s au Collectif Contre l\u2019Islamophobie en Europe. Le CCIE h\u00e9rite \u00e9galement d\u2019une m\u00eame approche du ph\u00e9nom\u00e8ne d\u2019islamophobie, ainsi que de sa d\u00e9finition&nbsp;: L\u2019islamophobie d\u00e9signe l\u2019ensemble des actes de violence verbale ou physique, de discrimination, \u00e0 l\u2019encontre d\u2019une institution, d\u2019une personne morale ou d\u2019une personne physique, en raison de son appartenance r\u00e9elle ou suppos\u00e9e \u00e0 la religion musulmane.\" \/>\n<meta property=\"og:url\" content=\"https:\/\/ccieurope.org\/nl\/le-collectif\/\" \/>\n<meta property=\"og:site_name\" content=\"CCIE\" \/>\n<meta property=\"article:publisher\" content=\"https:\/\/www.facebook.com\/ccieurope.org\" \/>\n<meta property=\"article:modified_time\" content=\"2024-01-04T00:51:33+00:00\" \/>\n<meta name=\"twitter:card\" content=\"summary_large_image\" \/>\n<meta name=\"twitter:site\" content=\"@CCIEurope\" \/>\n<meta name=\"twitter:label1\" content=\"Geschatte leestijd\" \/>\n\t<meta name=\"twitter:data1\" content=\"2 minuten\" \/>\n<script type=\"application\/ld+json\" class=\"yoast-schema-graph\">{\"@context\":\"https:\/\/schema.org\",\"@graph\":[{\"@type\":\"WebPage\",\"@id\":\"https:\/\/ccieurope.org\/le-collectif\/\",\"url\":\"https:\/\/ccieurope.org\/le-collectif\/\",\"name\":\"Le Collectif - CCIE\",\"isPartOf\":{\"@id\":\"https:\/\/ccieurope.org\/#website\"},\"datePublished\":\"2024-01-04T00:51:32+00:00\",\"dateModified\":\"2024-01-04T00:51:33+00:00\",\"breadcrumb\":{\"@id\":\"https:\/\/ccieurope.org\/le-collectif\/#breadcrumb\"},\"inLanguage\":\"nl-BE\",\"potentialAction\":[{\"@type\":\"ReadAction\",\"target\":[\"https:\/\/ccieurope.org\/le-collectif\/\"]}]},{\"@type\":\"BreadcrumbList\",\"@id\":\"https:\/\/ccieurope.org\/le-collectif\/#breadcrumb\",\"itemListElement\":[{\"@type\":\"ListItem\",\"position\":1,\"name\":\"Accueil\",\"item\":\"https:\/\/ccieurope.org\/\"},{\"@type\":\"ListItem\",\"position\":2,\"name\":\"Le Collectif\"}]},{\"@type\":\"WebSite\",\"@id\":\"https:\/\/ccieurope.org\/#website\",\"url\":\"https:\/\/ccieurope.org\/\",\"name\":\"CCIE\",\"description\":\"Collectif Contre l&#039;Islamophobie en Europe\",\"publisher\":{\"@id\":\"https:\/\/ccieurope.org\/#organization\"},\"potentialAction\":[{\"@type\":\"SearchAction\",\"target\":{\"@type\":\"EntryPoint\",\"urlTemplate\":\"https:\/\/ccieurope.org\/?s={search_term_string}\"},\"query-input\":{\"@type\":\"PropertyValueSpecification\",\"valueRequired\":true,\"valueName\":\"search_term_string\"}}],\"inLanguage\":\"nl-BE\"},{\"@type\":\"Organization\",\"@id\":\"https:\/\/ccieurope.org\/#organization\",\"name\":\"CCIE\",\"url\":\"https:\/\/ccieurope.org\/\",\"logo\":{\"@type\":\"ImageObject\",\"inLanguage\":\"nl-BE\",\"@id\":\"https:\/\/ccieurope.org\/#\/schema\/logo\/image\/\",\"url\":\"https:\/\/ccieurope.org\/wp-content\/uploads\/2021\/02\/Groupe-11.png\",\"contentUrl\":\"https:\/\/ccieurope.org\/wp-content\/uploads\/2021\/02\/Groupe-11.png\",\"width\":539,\"height\":307,\"caption\":\"CCIE\"},\"image\":{\"@id\":\"https:\/\/ccieurope.org\/#\/schema\/logo\/image\/\"},\"sameAs\":[\"https:\/\/www.facebook.com\/ccieurope.org\",\"https:\/\/x.com\/CCIEurope\",\"https:\/\/www.instagram.com\/ccieofficial\/\"]}]}<\/script>\n<!-- \/ Yoast SEO plugin. -->","yoast_head_json":{"title":"Le Collectif - CCIE","robots":{"index":"index","follow":"follow","max-snippet":"max-snippet:-1","max-image-preview":"max-image-preview:large","max-video-preview":"max-video-preview:-1"},"canonical":"https:\/\/ccieurope.org\/nl\/le-collectif\/","og_locale":"nl_BE","og_type":"article","og_title":"Le Collectif - CCIE","og_description":"Le Collectif Contre l\u2019Islamophobie en Europe est une association sans but lucratif, constitu\u00e9e en Belgique le 1er novembre 2020, qui a pour but d\u2019agir contre le rejet, la haine et les discriminations qui visent les personnes et les institutions en raison de leur appartenance r\u00e9elle ou suppos\u00e9e \u00e0 la religion musulmane. Le CCIE est une organisation non gouvernementale, apolitique et areligieuse, ind\u00e9pendante et financ\u00e9e uniquement par ses soutiens (adh\u00e9rents et donateurs). Elle \u0153uvre pour l\u2019\u00e9galit\u00e9 et la justice. L\u2019activit\u00e9 principale du CCIE se construit en trois axes : Bien qu\u2019elle soit une jeune association, sa cr\u00e9ation fin de l\u2019ann\u00e9e 2020 correspond \u00e0 une r\u00e9alit\u00e9, dans certains pays europ\u00e9ens comme la France et l\u2019Autriche,&nbsp;o\u00f9 les libert\u00e9s associatives sont menac\u00e9es par les autorit\u00e9s. Plus particuli\u00e8rement, la naissance du CCIE est le sympt\u00f4me d\u2019une d\u00e9rive s\u00e9curitaire en France qui a abouti \u00e0 la dissolution de certaines structures associatives, comme le CCIF (Collectif Contre l\u2019Islamophobie en France), dont la production intellectuelle pendant 17 ans d\u2019existence, les rapports depuis 2003, les moyens de communication et l\u2019exp\u00e9rience \u00e0 l\u2019\u00e9chelle europ\u00e9enne ont \u00e9t\u00e9 l\u00e9gu\u00e9s au Collectif Contre l\u2019Islamophobie en Europe. Le CCIE h\u00e9rite \u00e9galement d\u2019une m\u00eame approche du ph\u00e9nom\u00e8ne d\u2019islamophobie, ainsi que de sa d\u00e9finition&nbsp;: L\u2019islamophobie d\u00e9signe l\u2019ensemble des actes de violence verbale ou physique, de discrimination, \u00e0 l\u2019encontre d\u2019une institution, d\u2019une personne morale ou d\u2019une personne physique, en raison de son appartenance r\u00e9elle ou suppos\u00e9e \u00e0 la religion musulmane.","og_url":"https:\/\/ccieurope.org\/nl\/le-collectif\/","og_site_name":"CCIE","article_publisher":"https:\/\/www.facebook.com\/ccieurope.org","article_modified_time":"2024-01-04T00:51:33+00:00","twitter_card":"summary_large_image","twitter_site":"@CCIEurope","twitter_misc":{"Geschatte leestijd":"2 minuten"},"schema":{"@context":"https:\/\/schema.org","@graph":[{"@type":"WebPage","@id":"https:\/\/ccieurope.org\/le-collectif\/","url":"https:\/\/ccieurope.org\/le-collectif\/","name":"Le Collectif - CCIE","isPartOf":{"@id":"https:\/\/ccieurope.org\/#website"},"datePublished":"2024-01-04T00:51:32+00:00","dateModified":"2024-01-04T00:51:33+00:00","breadcrumb":{"@id":"https:\/\/ccieurope.org\/le-collectif\/#breadcrumb"},"inLanguage":"nl-BE","potentialAction":[{"@type":"ReadAction","target":["https:\/\/ccieurope.org\/le-collectif\/"]}]},{"@type":"BreadcrumbList","@id":"https:\/\/ccieurope.org\/le-collectif\/#breadcrumb","itemListElement":[{"@type":"ListItem","position":1,"name":"Accueil","item":"https:\/\/ccieurope.org\/"},{"@type":"ListItem","position":2,"name":"Le Collectif"}]},{"@type":"WebSite","@id":"https:\/\/ccieurope.org\/#website","url":"https:\/\/ccieurope.org\/","name":"CCIE","description":"Collectif Contre l&#039;Islamophobie en Europe","publisher":{"@id":"https:\/\/ccieurope.org\/#organization"},"potentialAction":[{"@type":"SearchAction","target":{"@type":"EntryPoint","urlTemplate":"https:\/\/ccieurope.org\/?s={search_term_string}"},"query-input":{"@type":"PropertyValueSpecification","valueRequired":true,"valueName":"search_term_string"}}],"inLanguage":"nl-BE"},{"@type":"Organization","@id":"https:\/\/ccieurope.org\/#organization","name":"CCIE","url":"https:\/\/ccieurope.org\/","logo":{"@type":"ImageObject","inLanguage":"nl-BE","@id":"https:\/\/ccieurope.org\/#\/schema\/logo\/image\/","url":"https:\/\/ccieurope.org\/wp-content\/uploads\/2021\/02\/Groupe-11.png","contentUrl":"https:\/\/ccieurope.org\/wp-content\/uploads\/2021\/02\/Groupe-11.png","width":539,"height":307,"caption":"CCIE"},"image":{"@id":"https:\/\/ccieurope.org\/#\/schema\/logo\/image\/"},"sameAs":["https:\/\/www.facebook.com\/ccieurope.org","https:\/\/x.com\/CCIEurope","https:\/\/www.instagram.com\/ccieofficial\/"]}]}},"campaignId":"","_links":{"self":[{"href":"https:\/\/ccieurope.org\/nl\/wp-json\/wp\/v2\/pages\/33270","targetHints":{"allow":["GET"]}}],"collection":[{"href":"https:\/\/ccieurope.org\/nl\/wp-json\/wp\/v2\/pages"}],"about":[{"href":"https:\/\/ccieurope.org\/nl\/wp-json\/wp\/v2\/types\/page"}],"author":[{"embeddable":true,"href":"https:\/\/ccieurope.org\/nl\/wp-json\/wp\/v2\/users\/1"}],"replies":[{"embeddable":true,"href":"https:\/\/ccieurope.org\/nl\/wp-json\/wp\/v2\/comments?post=33270"}],"version-history":[{"count":1,"href":"https:\/\/ccieurope.org\/nl\/wp-json\/wp\/v2\/pages\/33270\/revisions"}],"predecessor-version":[{"id":33271,"href":"https:\/\/ccieurope.org\/nl\/wp-json\/wp\/v2\/pages\/33270\/revisions\/33271"}],"wp:attachment":[{"href":"https:\/\/ccieurope.org\/nl\/wp-json\/wp\/v2\/media?parent=33270"}],"curies":[{"name":"wp","href":"https:\/\/api.w.org\/{rel}","templated":true}]}}